{"id":504,"date":"2025-11-06T10:42:07","date_gmt":"2025-11-06T09:42:07","guid":{"rendered":"https:\/\/boutiqueimpress29.fr\/par4\/?post_type=product&#038;p=504"},"modified":"2025-11-06T10:45:48","modified_gmt":"2025-11-06T09:45:48","slug":"polo-sport-jc040-homme-raquette","status":"publish","type":"product","link":"https:\/\/boutiqueimpress29.fr\/par4\/produit\/polo-sport-jc040-homme-raquette\/","title":{"rendered":"polo sport jc040 homme raquette"},"content":{"rendered":"<p><strong>Polo homme respirant<\/strong> &#8211; Polo homme en 100% polyester Neoteric\u2122,<\/p>\n<p>mati\u00e8re l\u00e9g\u00e8re textur\u00e9e avec propri\u00e9t\u00e9s respirantes et facilitant l&rsquo;\u00e9vaporation de la transpiration.<\/p>\n<p>Manches droites. Plaquette 3 boutons ton sur ton.<\/p>\n<div class=\"row fea-rw align-items-center\">\n<div class=\"col-md-4\"><label class=\"fea-txt\">Grammage: <\/label>140 g\/m\u00b2<\/div>\n<\/div>\n<div class=\"row fea-rw align-items-center\">\n<div class=\"col-md-4\"><label class=\"fea-txt\">Mati\u00e8re: <\/label>100% polyester.<\/div>\n<\/div>\n","protected":false},"excerpt":{"rendered":"<p>Polo homme respirant &#8211; Polo homme en 100% polyester Neoteric\u2122, mati\u00e8re l\u00e9g\u00e8re textur\u00e9e avec propri\u00e9t\u00e9s respirantes et facilitant l&rsquo;\u00e9vaporation de la transpiration. Manches droites. Plaquette 3 boutons ton sur ton. Grammage: 140 g\/m\u00b2 Mati\u00e8re: 100% polyester.<\/p>\n","protected":false},"featured_media":484,"template":"","meta":{"_acf_changed":false},"product_brand":[],"product_cat":[42],"product_tag":[],"class_list":{"0":"post-504","1":"product","2":"type-product","3":"status-publish","4":"has-post-thumbnail","6":"product_cat-polo","7":"tm-has-options","9":"first","10":"instock","11":"shipping-taxable","12":"purchasable","13":"product-type-simple"},"acf":[],"_links":{"self":[{"href":"https:\/\/boutiqueimpress29.fr\/par4\/wp-json\/wp\/v2\/product\/504","targetHints":{"allow":["GET"]}}],"collection":[{"href":"https:\/\/boutiqueimpress29.fr\/par4\/wp-json\/wp\/v2\/product"}],"about":[{"href":"https:\/\/boutiqueimpress29.fr\/par4\/wp-json\/wp\/v2\/types\/product"}],"wp:featuredmedia":[{"embeddable":true,"href":"https:\/\/boutiqueimpress29.fr\/par4\/wp-json\/wp\/v2\/media\/484"}],"wp:attachment":[{"href":"https:\/\/boutiqueimpress29.fr\/par4\/wp-json\/wp\/v2\/media?parent=504"}],"wp:term":[{"taxonomy":"product_brand","embeddable":true,"href":"https:\/\/boutiqueimpress29.fr\/par4\/wp-json\/wp\/v2\/product_brand?post=504"},{"taxonomy":"product_cat","embeddable":true,"href":"https:\/\/boutiqueimpress29.fr\/par4\/wp-json\/wp\/v2\/product_cat?post=504"},{"taxonomy":"product_tag","embeddable":true,"href":"https:\/\/boutiqueimpress29.fr\/par4\/wp-json\/wp\/v2\/product_tag?post=504"}],"curies":[{"name":"wp","href":"https:\/\/api.w.org\/{rel}","templated":true}]}}