{"id":425,"date":"2025-09-08T18:18:23","date_gmt":"2025-09-08T16:18:23","guid":{"rendered":"https:\/\/boutiqueimpress29.fr\/par4\/?page_id=425"},"modified":"2025-12-01T17:03:30","modified_gmt":"2025-12-01T16:03:30","slug":"accueil","status":"publish","type":"page","link":"https:\/\/boutiqueimpress29.fr\/par4\/","title":{"rendered":"Accueil"},"content":{"rendered":"\t\t<div data-elementor-type=\"wp-page\" data-elementor-id=\"425\" class=\"elementor elementor-425\" data-elementor-post-type=\"page\">\n\t\t\t\t<div class=\"elementor-element elementor-element-efb40d3 e-flex e-con-boxed e-con e-parent\" data-id=\"efb40d3\" data-element_type=\"container\" data-e-type=\"container\">\n\t\t\t\t\t<div class=\"e-con-inner\">\n\t\t\t\t<div class=\"elementor-element elementor-element-8001044 elementor-widget elementor-widget-text-editor\" data-id=\"8001044\" data-element_type=\"widget\" data-e-type=\"widget\" data-widget_type=\"text-editor.default\">\n\t\t\t\t<div class=\"elementor-widget-container\">\n\t\t\t\t\t\t\t\t\t<h3><strong>Bienvenue dans la boutique en ligne du Par 4 !<\/strong><\/h3><p>Nous sommes ravis de vous accueillir dans l\u2019univers du <strong>Par 4<\/strong>, votre salle d\u00e9di\u00e9e au sport, au bien-\u00eatre et \u00e0 la convivialit\u00e9.<br \/>Ici, retrouvez une s\u00e9lection d\u2019articles pens\u00e9s pour vous accompagner dans votre pratique : textile, accessoires, \u00e9quipements et produits exclusifs aux couleurs de votre salle.<\/p><p>Que vous soyez sportif r\u00e9gulier, passionn\u00e9 ou simple visiteur, notre boutique en ligne est con\u00e7ue pour vous offrir une exp\u00e9rience simple, rapide et agr\u00e9able.<br \/>Parcourez nos collections, faites-vous plaisir et repr\u00e9sentez fi\u00e8rement <strong>Le Par 4<\/strong> !<\/p><p>Bonne visite, et merci pour votre confiance.<\/p>\t\t\t\t\t\t\t\t<\/div>\n\t\t\t\t<\/div>\n\t\t\t\t\t<\/div>\n\t\t\t\t<\/div>\n\t\t\t\t<\/div>\n\t\t","protected":false},"excerpt":{"rendered":"<p>Bienvenue dans la boutique en ligne du Par 4 ! Nous sommes ravis de vous accueillir dans l\u2019univers du Par 4, votre salle d\u00e9di\u00e9e au sport, au bien-\u00eatre et \u00e0 la convivialit\u00e9.Ici, retrouvez une s\u00e9lection d\u2019articles pens\u00e9s pour vous accompagner dans votre pratique : textile, accessoires, \u00e9quipements et produits exclusifs aux couleurs de votre salle. [&hellip;]<\/p>\n","protected":false},"author":1,"featured_media":0,"parent":0,"menu_order":0,"comment_status":"closed","ping_status":"closed","template":"","meta":{"_acf_changed":false,"footnotes":""},"class_list":["post-425","page","type-page","status-publish","hentry"],"acf":[],"_links":{"self":[{"href":"https:\/\/boutiqueimpress29.fr\/par4\/wp-json\/wp\/v2\/pages\/425","targetHints":{"allow":["GET"]}}],"collection":[{"href":"https:\/\/boutiqueimpress29.fr\/par4\/wp-json\/wp\/v2\/pages"}],"about":[{"href":"https:\/\/boutiqueimpress29.fr\/par4\/wp-json\/wp\/v2\/types\/page"}],"author":[{"embeddable":true,"href":"https:\/\/boutiqueimpress29.fr\/par4\/wp-json\/wp\/v2\/users\/1"}],"replies":[{"embeddable":true,"href":"https:\/\/boutiqueimpress29.fr\/par4\/wp-json\/wp\/v2\/comments?post=425"}],"version-history":[{"count":4,"href":"https:\/\/boutiqueimpress29.fr\/par4\/wp-json\/wp\/v2\/pages\/425\/revisions"}],"predecessor-version":[{"id":516,"href":"https:\/\/boutiqueimpress29.fr\/par4\/wp-json\/wp\/v2\/pages\/425\/revisions\/516"}],"wp:attachment":[{"href":"https:\/\/boutiqueimpress29.fr\/par4\/wp-json\/wp\/v2\/media?parent=425"}],"curies":[{"name":"wp","href":"https:\/\/api.w.org\/{rel}","templated":true}]}}