{"id":582,"date":"2026-01-29T11:18:06","date_gmt":"2026-01-29T10:18:06","guid":{"rendered":"https:\/\/boutiqueimpress29.fr\/judoclubdouarneniste\/?post_type=product&#038;p=582"},"modified":"2026-02-23T15:00:40","modified_gmt":"2026-02-23T14:00:40","slug":"t-shirt-e190-enfant","status":"publish","type":"product","link":"https:\/\/boutiqueimpress29.fr\/judoclubdouarneniste\/produit\/t-shirt-e190-enfant\/","title":{"rendered":"T-shirt e190 enfant"},"content":{"rendered":"<div class=\"mb-2\">Grammage : <strong> 190 g\/m\u00b2<\/strong><\/div>\n<div class=\"mb-2\">Mati\u00e8re : <strong> 100% coton pr\u00e9-r\u00e9tr\u00e9ci \u00e0 fil de cha\u00eene continu Ringspun (Better Cotton)<\/strong><\/div>\n","protected":false},"excerpt":{"rendered":"<p>Grammage : 190 g\/m\u00b2 Mati\u00e8re : 100% coton pr\u00e9-r\u00e9tr\u00e9ci \u00e0 fil de cha\u00eene continu Ringspun (Better Cotton)<\/p>\n","protected":false},"featured_media":509,"template":"","meta":{"_acf_changed":false},"product_brand":[],"product_cat":[21,41],"product_tag":[],"class_list":{"0":"post-582","1":"product","2":"type-product","3":"status-publish","4":"has-post-thumbnail","6":"product_cat-boutique","7":"product_cat-tee-shirt","8":"tm-has-options","10":"first","11":"outofstock","12":"shipping-taxable","13":"purchasable","14":"product-type-variable","15":"wvs-archive-product-wrapper"},"acf":[],"_links":{"self":[{"href":"https:\/\/boutiqueimpress29.fr\/judoclubdouarneniste\/wp-json\/wp\/v2\/product\/582","targetHints":{"allow":["GET"]}}],"collection":[{"href":"https:\/\/boutiqueimpress29.fr\/judoclubdouarneniste\/wp-json\/wp\/v2\/product"}],"about":[{"href":"https:\/\/boutiqueimpress29.fr\/judoclubdouarneniste\/wp-json\/wp\/v2\/types\/product"}],"wp:featuredmedia":[{"embeddable":true,"href":"https:\/\/boutiqueimpress29.fr\/judoclubdouarneniste\/wp-json\/wp\/v2\/media\/509"}],"wp:attachment":[{"href":"https:\/\/boutiqueimpress29.fr\/judoclubdouarneniste\/wp-json\/wp\/v2\/media?parent=582"}],"wp:term":[{"taxonomy":"product_brand","embeddable":true,"href":"https:\/\/boutiqueimpress29.fr\/judoclubdouarneniste\/wp-json\/wp\/v2\/product_brand?post=582"},{"taxonomy":"product_cat","embeddable":true,"href":"https:\/\/boutiqueimpress29.fr\/judoclubdouarneniste\/wp-json\/wp\/v2\/product_cat?post=582"},{"taxonomy":"product_tag","embeddable":true,"href":"https:\/\/boutiqueimpress29.fr\/judoclubdouarneniste\/wp-json\/wp\/v2\/product_tag?post=582"}],"curies":[{"name":"wp","href":"https:\/\/api.w.org\/{rel}","templated":true}]}}